{"id":20,"date":"2020-02-15T10:38:52","date_gmt":"2020-02-15T08:38:52","guid":{"rendered":"https:\/\/the7.io\/logistics\/?page_id=20"},"modified":"2020-11-11T15:48:46","modified_gmt":"2020-11-11T13:48:46","slug":"b","status":"publish","type":"page","link":"https:\/\/drczedik.at\/?page_id=20","title":{"rendered":"Meine Leistungen"},"content":{"rendered":"\t\t<div data-elementor-type=\"wp-page\" data-elementor-id=\"20\" class=\"elementor elementor-20\" data-elementor-post-type=\"page\">\n\t\t\t\t\t\t<section class=\"elementor-section elementor-top-section elementor-element elementor-element-96c9582 elementor-section-full_width elementor-section-height-default elementor-section-height-default\" data-id=\"96c9582\" data-element_type=\"section\" data-e-type=\"section\">\n\t\t\t\t\t\t<div class=\"elementor-container elementor-column-gap-no\">\n\t\t\t\t\t<div class=\"elementor-column elementor-col-100 elementor-top-column elementor-element elementor-element-7df2ec3\" data-id=\"7df2ec3\" data-element_type=\"column\" data-e-type=\"column\">\n\t\t\t<div class=\"elementor-widget-wrap elementor-element-populated\">\n\t\t\t\t\t\t<div class=\"elementor-element elementor-element-b5a8538 elementor-widget elementor-widget-image\" data-id=\"b5a8538\" data-element_type=\"widget\" data-e-type=\"widget\" data-widget_type=\"image.default\">\n\t\t\t\t<div class=\"elementor-widget-container\">\n\t\t\t\t\t\t\t\t\t\t\t\t\t\t\t<img fetchpriority=\"high\" decoding=\"async\" width=\"1600\" height=\"1067\" src=\"https:\/\/drczedik.at\/wp-content\/uploads\/2020\/11\/Dr_Czedik_2020_\u00a9Marlene_Rahmann_Web_39_red.jpg\" class=\"attachment-full size-full wp-image-2223\" alt=\"\" srcset=\"https:\/\/drczedik.at\/wp-content\/uploads\/2020\/11\/Dr_Czedik_2020_\u00a9Marlene_Rahmann_Web_39_red.jpg 1600w, https:\/\/drczedik.at\/wp-content\/uploads\/2020\/11\/Dr_Czedik_2020_\u00a9Marlene_Rahmann_Web_39_red-300x200.jpg 300w, https:\/\/drczedik.at\/wp-content\/uploads\/2020\/11\/Dr_Czedik_2020_\u00a9Marlene_Rahmann_Web_39_red-1024x683.jpg 1024w, https:\/\/drczedik.at\/wp-content\/uploads\/2020\/11\/Dr_Czedik_2020_\u00a9Marlene_Rahmann_Web_39_red-768x512.jpg 768w, https:\/\/drczedik.at\/wp-content\/uploads\/2020\/11\/Dr_Czedik_2020_\u00a9Marlene_Rahmann_Web_39_red-391x260.jpg 391w, https:\/\/drczedik.at\/wp-content\/uploads\/2020\/11\/Dr_Czedik_2020_\u00a9Marlene_Rahmann_Web_39_red-1536x1024.jpg 1536w\" sizes=\"(max-width: 1600px) 100vw, 1600px\" \/>\t\t\t\t\t\t\t\t\t\t\t\t\t\t\t<\/div>\n\t\t\t\t<\/div>\n\t\t\t\t<section class=\"elementor-section elementor-inner-section elementor-element elementor-element-2f2a6bd elementor-section-boxed elementor-section-height-default elementor-section-height-default\" data-id=\"2f2a6bd\" data-element_type=\"section\" data-e-type=\"section\">\n\t\t\t\t\t\t<div class=\"elementor-container elementor-column-gap-default\">\n\t\t\t\t\t<div class=\"elementor-column elementor-col-100 elementor-inner-column elementor-element elementor-element-11f85ec\" data-id=\"11f85ec\" data-element_type=\"column\" data-e-type=\"column\">\n\t\t\t<div class=\"elementor-widget-wrap elementor-element-populated\">\n\t\t\t\t\t\t<div class=\"elementor-element elementor-element-2dfd03a elementor-widget elementor-widget-heading\" data-id=\"2dfd03a\" data-element_type=\"widget\" data-e-type=\"widget\" data-widget_type=\"heading.default\">\n\t\t\t\t<div class=\"elementor-widget-container\">\n\t\t\t\t\t<h2 class=\"elementor-heading-title elementor-size-default\">Meine Leistungen <br>f\u00fcr IHR\n  Tier!<\/h2>\t\t\t\t<\/div>\n\t\t\t\t<\/div>\n\t\t\t\t\t<\/div>\n\t\t<\/div>\n\t\t\t\t\t<\/div>\n\t\t<\/section>\n\t\t\t\t\t<\/div>\n\t\t<\/div>\n\t\t\t\t\t<\/div>\n\t\t<\/section>\n\t\t\t\t<section class=\"elementor-section elementor-top-section elementor-element elementor-element-189704a elementor-section-boxed elementor-section-height-default elementor-section-height-default\" data-id=\"189704a\" data-element_type=\"section\" data-e-type=\"section\">\n\t\t\t\t\t\t<div class=\"elementor-container elementor-column-gap-wider\">\n\t\t\t\t\t<div class=\"elementor-column elementor-col-50 elementor-top-column elementor-element elementor-element-84bb4bd\" data-id=\"84bb4bd\" data-element_type=\"column\" data-e-type=\"column\">\n\t\t\t<div class=\"elementor-widget-wrap elementor-element-populated\">\n\t\t\t\t\t\t<div class=\"elementor-element elementor-element-f27882d elementor-widget elementor-widget-text-editor\" data-id=\"f27882d\" data-element_type=\"widget\" data-e-type=\"widget\" data-widget_type=\"text-editor.default\">\n\t\t\t\t<div class=\"elementor-widget-container\">\n\t\t\t\t\t\t\t\t\t<h3>Ich k\u00fcmmere mich um Ihren Liebling!<\/h3><p>Sei es f\u00fcr regelm\u00e4\u00dfige Kontrollen, sei es bei akuten Krankheiten oder Unf\u00e4llen \u2013 ich bin f\u00fcr Sie und Ihr Tier da!<\/p><p>Die revolution\u00e4re laparoskopische (endoskopische) Methode bedeutet: <br \/>Hier sind nur zwei kleine Schnitte (ca. 5-12mm) notwendig!<br \/>Dadurch hat der Patient viel weniger Schmerzen, das Tier darf nach der Abholung aus unserer Klinik machen was es will (Spielen, Springen, etc.).<\/p><p>Wir bevorzugen diese sanfte Methode!<\/p>\t\t\t\t\t\t\t\t<\/div>\n\t\t\t\t<\/div>\n\t\t\t\t\t<\/div>\n\t\t<\/div>\n\t\t\t\t<div class=\"elementor-column elementor-col-50 elementor-top-column elementor-element elementor-element-073ff5e\" data-id=\"073ff5e\" data-element_type=\"column\" data-e-type=\"column\">\n\t\t\t<div class=\"elementor-widget-wrap elementor-element-populated\">\n\t\t\t\t\t\t<section class=\"elementor-section elementor-inner-section elementor-element elementor-element-1a0ee12 elementor-section-boxed elementor-section-height-default elementor-section-height-default\" data-id=\"1a0ee12\" data-element_type=\"section\" data-e-type=\"section\">\n\t\t\t\t\t\t<div class=\"elementor-container elementor-column-gap-no\">\n\t\t\t\t\t<div class=\"elementor-column elementor-col-50 elementor-inner-column elementor-element elementor-element-3f07120\" data-id=\"3f07120\" data-element_type=\"column\" data-e-type=\"column\" data-settings=\"{&quot;background_background&quot;:&quot;classic&quot;}\">\n\t\t\t<div class=\"elementor-widget-wrap elementor-element-populated\">\n\t\t\t\t\t\t<div class=\"elementor-element elementor-element-fd9d387 elementor-position-inline-start elementor-view-default elementor-mobile-position-block-start elementor-widget elementor-widget-icon-box\" data-id=\"fd9d387\" data-element_type=\"widget\" data-e-type=\"widget\" data-widget_type=\"icon-box.default\">\n\t\t\t\t<div class=\"elementor-widget-container\">\n\t\t\t\t\t\t\t<div class=\"elementor-icon-box-wrapper\">\n\n\t\t\t\t\t\t<div class=\"elementor-icon-box-icon\">\n\t\t\t\t<span  class=\"elementor-icon\">\n\t\t\t\t<i aria-hidden=\"true\" class=\"fas fa-band-aid\"><\/i>\t\t\t\t<\/span>\n\t\t\t<\/div>\n\t\t\t\n\t\t\t\t\t\t<div class=\"elementor-icon-box-content\">\n\n\t\t\t\t\t\t\t\t\t<h4 class=\"elementor-icon-box-title\">\n\t\t\t\t\t\t<span  >\n\t\t\t\t\t\t\tSchnelle Hilfe bei kleinen Problemen\t\t\t\t\t\t<\/span>\n\t\t\t\t\t<\/h4>\n\t\t\t\t\n\t\t\t\t\t\t\t\t\t<p class=\"elementor-icon-box-description\">\n\t\t\t\t\t\tKleine Missgeschicke werden schnell geheilt!\t\t\t\t\t<\/p>\n\t\t\t\t\n\t\t\t<\/div>\n\t\t\t\n\t\t<\/div>\n\t\t\t\t\t\t<\/div>\n\t\t\t\t<\/div>\n\t\t\t\t\t<\/div>\n\t\t<\/div>\n\t\t\t\t<div class=\"elementor-column elementor-col-50 elementor-inner-column elementor-element elementor-element-246300b\" data-id=\"246300b\" data-element_type=\"column\" data-e-type=\"column\" data-settings=\"{&quot;background_background&quot;:&quot;classic&quot;}\">\n\t\t\t<div class=\"elementor-widget-wrap elementor-element-populated\">\n\t\t\t\t\t\t<div class=\"elementor-element elementor-element-b9b6b4d elementor-position-inline-start elementor-view-default elementor-mobile-position-block-start elementor-widget elementor-widget-icon-box\" data-id=\"b9b6b4d\" data-element_type=\"widget\" data-e-type=\"widget\" data-widget_type=\"icon-box.default\">\n\t\t\t\t<div class=\"elementor-widget-container\">\n\t\t\t\t\t\t\t<div class=\"elementor-icon-box-wrapper\">\n\n\t\t\t\t\t\t<div class=\"elementor-icon-box-icon\">\n\t\t\t\t<span  class=\"elementor-icon\">\n\t\t\t\t<i aria-hidden=\"true\" class=\"fas fa-first-aid\"><\/i>\t\t\t\t<\/span>\n\t\t\t<\/div>\n\t\t\t\n\t\t\t\t\t\t<div class=\"elementor-icon-box-content\">\n\n\t\t\t\t\t\t\t\t\t<h4 class=\"elementor-icon-box-title\">\n\t\t\t\t\t\t<span  >\n\t\t\t\t\t\t\tRasche Hilfe in Notf\u00e4llen\t\t\t\t\t\t<\/span>\n\t\t\t\t\t<\/h4>\n\t\t\t\t\n\t\t\t\t\t\t\t\t\t<p class=\"elementor-icon-box-description\">\n\t\t\t\t\t\tRufen Sie mich an!\t\t\t\t\t<\/p>\n\t\t\t\t\n\t\t\t<\/div>\n\t\t\t\n\t\t<\/div>\n\t\t\t\t\t\t<\/div>\n\t\t\t\t<\/div>\n\t\t\t\t\t<\/div>\n\t\t<\/div>\n\t\t\t\t\t<\/div>\n\t\t<\/section>\n\t\t\t\t<section class=\"elementor-section elementor-inner-section elementor-element elementor-element-eb58ad6 elementor-section-boxed elementor-section-height-default elementor-section-height-default\" data-id=\"eb58ad6\" data-element_type=\"section\" data-e-type=\"section\">\n\t\t\t\t\t\t<div class=\"elementor-container elementor-column-gap-no\">\n\t\t\t\t\t<div class=\"elementor-column elementor-col-50 elementor-inner-column elementor-element elementor-element-315ed6a\" data-id=\"315ed6a\" data-element_type=\"column\" data-e-type=\"column\" data-settings=\"{&quot;background_background&quot;:&quot;classic&quot;}\">\n\t\t\t<div class=\"elementor-widget-wrap elementor-element-populated\">\n\t\t\t\t\t\t<div class=\"elementor-element elementor-element-0fae09d elementor-position-inline-start elementor-view-default elementor-mobile-position-block-start elementor-widget elementor-widget-icon-box\" data-id=\"0fae09d\" data-element_type=\"widget\" data-e-type=\"widget\" data-widget_type=\"icon-box.default\">\n\t\t\t\t<div class=\"elementor-widget-container\">\n\t\t\t\t\t\t\t<div class=\"elementor-icon-box-wrapper\">\n\n\t\t\t\t\t\t<div class=\"elementor-icon-box-icon\">\n\t\t\t\t<span  class=\"elementor-icon\">\n\t\t\t\t<i aria-hidden=\"true\" class=\"fas fa-pills\"><\/i>\t\t\t\t<\/span>\n\t\t\t<\/div>\n\t\t\t\n\t\t\t\t\t\t<div class=\"elementor-icon-box-content\">\n\n\t\t\t\t\t\t\t\t\t<h4 class=\"elementor-icon-box-title\">\n\t\t\t\t\t\t<span  >\n\t\t\t\t\t\t\tBehandlung von akuten u. chronischen Krankheiten\t\t\t\t\t\t<\/span>\n\t\t\t\t\t<\/h4>\n\t\t\t\t\n\t\t\t\t\t\t\t\t\t<p class=\"elementor-icon-box-description\">\n\t\t\t\t\t\tTherapien f\u00fcr kurz- und langfristige Probleme!\t\t\t\t\t<\/p>\n\t\t\t\t\n\t\t\t<\/div>\n\t\t\t\n\t\t<\/div>\n\t\t\t\t\t\t<\/div>\n\t\t\t\t<\/div>\n\t\t\t\t\t<\/div>\n\t\t<\/div>\n\t\t\t\t<div class=\"elementor-column elementor-col-50 elementor-inner-column elementor-element elementor-element-b2db68a\" data-id=\"b2db68a\" data-element_type=\"column\" data-e-type=\"column\" data-settings=\"{&quot;background_background&quot;:&quot;classic&quot;}\">\n\t\t\t<div class=\"elementor-widget-wrap elementor-element-populated\">\n\t\t\t\t\t\t<div class=\"elementor-element elementor-element-eda5b2e elementor-position-inline-start elementor-view-default elementor-mobile-position-block-start elementor-widget elementor-widget-icon-box\" data-id=\"eda5b2e\" data-element_type=\"widget\" data-e-type=\"widget\" data-widget_type=\"icon-box.default\">\n\t\t\t\t<div class=\"elementor-widget-container\">\n\t\t\t\t\t\t\t<div class=\"elementor-icon-box-wrapper\">\n\n\t\t\t\t\t\t<div class=\"elementor-icon-box-icon\">\n\t\t\t\t<span  class=\"elementor-icon\">\n\t\t\t\t<i aria-hidden=\"true\" class=\"fas fa-clinic-medical\"><\/i>\t\t\t\t<\/span>\n\t\t\t<\/div>\n\t\t\t\n\t\t\t\t\t\t<div class=\"elementor-icon-box-content\">\n\n\t\t\t\t\t\t\t\t\t<h4 class=\"elementor-icon-box-title\">\n\t\t\t\t\t\t<span  >\n\t\t\t\t\t\t\tOperationen\t\t\t\t\t\t<\/span>\n\t\t\t\t\t<\/h4>\n\t\t\t\t\n\t\t\t\t\t\t\t\t\t<p class=\"elementor-icon-box-description\">\n\t\t\t\t\t\tMithilfe der sanften Chirurgie (Laparoskopie) k\u00f6nnen wir schonend helfen!\t\t\t\t\t<\/p>\n\t\t\t\t\n\t\t\t<\/div>\n\t\t\t\n\t\t<\/div>\n\t\t\t\t\t\t<\/div>\n\t\t\t\t<\/div>\n\t\t\t\t\t<\/div>\n\t\t<\/div>\n\t\t\t\t\t<\/div>\n\t\t<\/section>\n\t\t\t\t\t<\/div>\n\t\t<\/div>\n\t\t\t\t\t<\/div>\n\t\t<\/section>\n\t\t\t\t<section class=\"elementor-section elementor-top-section elementor-element elementor-element-a4a1be8 elementor-section-full_width elementor-section-height-default elementor-section-height-default\" data-id=\"a4a1be8\" data-element_type=\"section\" data-e-type=\"section\">\n\t\t\t\t\t\t<div class=\"elementor-container elementor-column-gap-no\">\n\t\t\t\t\t<div class=\"elementor-column elementor-col-100 elementor-top-column elementor-element elementor-element-5879ba7\" data-id=\"5879ba7\" data-element_type=\"column\" data-e-type=\"column\">\n\t\t\t<div class=\"elementor-widget-wrap elementor-element-populated\">\n\t\t\t\t\t\t<div class=\"elementor-element elementor-element-7ddcf1a elementor-widget elementor-widget-image\" data-id=\"7ddcf1a\" data-element_type=\"widget\" data-e-type=\"widget\" data-widget_type=\"image.default\">\n\t\t\t\t<div class=\"elementor-widget-container\">\n\t\t\t\t\t\t\t\t\t\t\t\t\t\t\t<img decoding=\"async\" width=\"1600\" height=\"1067\" src=\"https:\/\/drczedik.at\/wp-content\/uploads\/2020\/11\/Dr_Czedik_2020_\u00a9Marlene_Rahmann_Web_38_red.jpg\" class=\"attachment-full size-full wp-image-2224\" alt=\"\" srcset=\"https:\/\/drczedik.at\/wp-content\/uploads\/2020\/11\/Dr_Czedik_2020_\u00a9Marlene_Rahmann_Web_38_red.jpg 1600w, https:\/\/drczedik.at\/wp-content\/uploads\/2020\/11\/Dr_Czedik_2020_\u00a9Marlene_Rahmann_Web_38_red-300x200.jpg 300w, https:\/\/drczedik.at\/wp-content\/uploads\/2020\/11\/Dr_Czedik_2020_\u00a9Marlene_Rahmann_Web_38_red-1024x683.jpg 1024w, https:\/\/drczedik.at\/wp-content\/uploads\/2020\/11\/Dr_Czedik_2020_\u00a9Marlene_Rahmann_Web_38_red-768x512.jpg 768w, https:\/\/drczedik.at\/wp-content\/uploads\/2020\/11\/Dr_Czedik_2020_\u00a9Marlene_Rahmann_Web_38_red-391x260.jpg 391w, https:\/\/drczedik.at\/wp-content\/uploads\/2020\/11\/Dr_Czedik_2020_\u00a9Marlene_Rahmann_Web_38_red-1536x1024.jpg 1536w\" sizes=\"(max-width: 1600px) 100vw, 1600px\" \/>\t\t\t\t\t\t\t\t\t\t\t\t\t\t\t<\/div>\n\t\t\t\t<\/div>\n\t\t\t\t\t<\/div>\n\t\t<\/div>\n\t\t\t\t\t<\/div>\n\t\t<\/section>\n\t\t\t\t<\/div>\n\t\t","protected":false},"excerpt":{"rendered":"<p>Meine Leistungen f\u00fcr IHR Tier! Ich k\u00fcmmere mich um Ihren Liebling! Sei es f\u00fcr regelm\u00e4\u00dfige Kontrollen, sei es bei akuten Krankheiten oder Unf\u00e4llen \u2013 ich bin f\u00fcr Sie und Ihr Tier da! Die revolution\u00e4re laparoskopische (endoskopische) Methode bedeutet: Hier sind nur zwei kleine Schnitte (ca. 5-12mm) notwendig!Dadurch hat der Patient viel weniger Schmerzen, das Tier&hellip;<\/p>\n","protected":false},"author":1,"featured_media":0,"parent":0,"menu_order":35,"comment_status":"closed","ping_status":"closed","template":"elementor_header_footer","meta":{"footnotes":""},"class_list":["post-20","page","type-page","status-publish","hentry"],"yoast_head":"<!-- This site is optimized with the Yoast SEO plugin v27.5 - https:\/\/yoast.com\/product\/yoast-seo-wordpress\/ -->\n<title>Meine Leistungen - Tierarztpraxis<\/title>\n<meta name=\"robots\" content=\"index, follow, max-snippet:-1, max-image-preview:large, max-video-preview:-1\" \/>\n<link rel=\"canonical\" href=\"https:\/\/drczedik.at\/?page_id=20\" \/>\n<meta property=\"og:locale\" content=\"de_DE\" \/>\n<meta property=\"og:type\" content=\"article\" \/>\n<meta property=\"og:title\" content=\"Meine Leistungen - Tierarztpraxis\" \/>\n<meta property=\"og:description\" content=\"Meine Leistungen f\u00fcr IHR Tier! Ich k\u00fcmmere mich um Ihren Liebling! Sei es f\u00fcr regelm\u00e4\u00dfige Kontrollen, sei es bei akuten Krankheiten oder Unf\u00e4llen \u2013 ich bin f\u00fcr Sie und Ihr Tier da! Die revolution\u00e4re laparoskopische (endoskopische) Methode bedeutet: Hier sind nur zwei kleine Schnitte (ca. 5-12mm) notwendig!Dadurch hat der Patient viel weniger Schmerzen, das Tier&hellip;\" \/>\n<meta property=\"og:url\" content=\"https:\/\/drczedik.at\/?page_id=20\" \/>\n<meta property=\"og:site_name\" content=\"Tierarztpraxis\" \/>\n<meta property=\"article:modified_time\" content=\"2020-11-11T13:48:46+00:00\" \/>\n<meta name=\"twitter:card\" content=\"summary_large_image\" \/>\n<meta name=\"twitter:label1\" content=\"Gesch\u00e4tzte Lesezeit\" \/>\n\t<meta name=\"twitter:data1\" content=\"1\u00a0Minute\" \/>\n<script type=\"application\/ld+json\" class=\"yoast-schema-graph\">{\"@context\":\"https:\\\/\\\/schema.org\",\"@graph\":[{\"@type\":\"WebPage\",\"@id\":\"https:\\\/\\\/drczedik.at\\\/?page_id=20\",\"url\":\"https:\\\/\\\/drczedik.at\\\/?page_id=20\",\"name\":\"Meine Leistungen - Tierarztpraxis\",\"isPartOf\":{\"@id\":\"https:\\\/\\\/drczedik.at\\\/#website\"},\"datePublished\":\"2020-02-15T08:38:52+00:00\",\"dateModified\":\"2020-11-11T13:48:46+00:00\",\"breadcrumb\":{\"@id\":\"https:\\\/\\\/drczedik.at\\\/?page_id=20#breadcrumb\"},\"inLanguage\":\"de\",\"potentialAction\":[{\"@type\":\"ReadAction\",\"target\":[\"https:\\\/\\\/drczedik.at\\\/?page_id=20\"]}]},{\"@type\":\"BreadcrumbList\",\"@id\":\"https:\\\/\\\/drczedik.at\\\/?page_id=20#breadcrumb\",\"itemListElement\":[{\"@type\":\"ListItem\",\"position\":1,\"name\":\"Home\",\"item\":\"https:\\\/\\\/drczedik.at\\\/\"},{\"@type\":\"ListItem\",\"position\":2,\"name\":\"Meine Leistungen\"}]},{\"@type\":\"WebSite\",\"@id\":\"https:\\\/\\\/drczedik.at\\\/#website\",\"url\":\"https:\\\/\\\/drczedik.at\\\/\",\"name\":\"Tierarztpraxis\",\"description\":\"Dr. Czedik-Eysenberg\",\"publisher\":{\"@id\":\"https:\\\/\\\/drczedik.at\\\/#organization\"},\"potentialAction\":[{\"@type\":\"SearchAction\",\"target\":{\"@type\":\"EntryPoint\",\"urlTemplate\":\"https:\\\/\\\/drczedik.at\\\/?s={search_term_string}\"},\"query-input\":{\"@type\":\"PropertyValueSpecification\",\"valueRequired\":true,\"valueName\":\"search_term_string\"}}],\"inLanguage\":\"de\"},{\"@type\":\"Organization\",\"@id\":\"https:\\\/\\\/drczedik.at\\\/#organization\",\"name\":\"Tierarztpraxis\",\"url\":\"https:\\\/\\\/drczedik.at\\\/\",\"logo\":{\"@type\":\"ImageObject\",\"inLanguage\":\"de\",\"@id\":\"https:\\\/\\\/drczedik.at\\\/#\\\/schema\\\/logo\\\/image\\\/\",\"url\":\"https:\\\/\\\/drczedik.at\\\/wp-content\\\/uploads\\\/2020\\\/06\\\/Logo-CzedikFrei-e1593011602856.png\",\"contentUrl\":\"https:\\\/\\\/drczedik.at\\\/wp-content\\\/uploads\\\/2020\\\/06\\\/Logo-CzedikFrei-e1593011602856.png\",\"width\":124,\"height\":100,\"caption\":\"Tierarztpraxis\"},\"image\":{\"@id\":\"https:\\\/\\\/drczedik.at\\\/#\\\/schema\\\/logo\\\/image\\\/\"}}]}<\/script>\n<!-- \/ Yoast SEO plugin. -->","yoast_head_json":{"title":"Meine Leistungen - Tierarztpraxis","robots":{"index":"index","follow":"follow","max-snippet":"max-snippet:-1","max-image-preview":"max-image-preview:large","max-video-preview":"max-video-preview:-1"},"canonical":"https:\/\/drczedik.at\/?page_id=20","og_locale":"de_DE","og_type":"article","og_title":"Meine Leistungen - Tierarztpraxis","og_description":"Meine Leistungen f\u00fcr IHR Tier! Ich k\u00fcmmere mich um Ihren Liebling! Sei es f\u00fcr regelm\u00e4\u00dfige Kontrollen, sei es bei akuten Krankheiten oder Unf\u00e4llen \u2013 ich bin f\u00fcr Sie und Ihr Tier da! Die revolution\u00e4re laparoskopische (endoskopische) Methode bedeutet: Hier sind nur zwei kleine Schnitte (ca. 5-12mm) notwendig!Dadurch hat der Patient viel weniger Schmerzen, das Tier&hellip;","og_url":"https:\/\/drczedik.at\/?page_id=20","og_site_name":"Tierarztpraxis","article_modified_time":"2020-11-11T13:48:46+00:00","twitter_card":"summary_large_image","twitter_misc":{"Gesch\u00e4tzte Lesezeit":"1\u00a0Minute"},"schema":{"@context":"https:\/\/schema.org","@graph":[{"@type":"WebPage","@id":"https:\/\/drczedik.at\/?page_id=20","url":"https:\/\/drczedik.at\/?page_id=20","name":"Meine Leistungen - Tierarztpraxis","isPartOf":{"@id":"https:\/\/drczedik.at\/#website"},"datePublished":"2020-02-15T08:38:52+00:00","dateModified":"2020-11-11T13:48:46+00:00","breadcrumb":{"@id":"https:\/\/drczedik.at\/?page_id=20#breadcrumb"},"inLanguage":"de","potentialAction":[{"@type":"ReadAction","target":["https:\/\/drczedik.at\/?page_id=20"]}]},{"@type":"BreadcrumbList","@id":"https:\/\/drczedik.at\/?page_id=20#breadcrumb","itemListElement":[{"@type":"ListItem","position":1,"name":"Home","item":"https:\/\/drczedik.at\/"},{"@type":"ListItem","position":2,"name":"Meine Leistungen"}]},{"@type":"WebSite","@id":"https:\/\/drczedik.at\/#website","url":"https:\/\/drczedik.at\/","name":"Tierarztpraxis","description":"Dr. Czedik-Eysenberg","publisher":{"@id":"https:\/\/drczedik.at\/#organization"},"potentialAction":[{"@type":"SearchAction","target":{"@type":"EntryPoint","urlTemplate":"https:\/\/drczedik.at\/?s={search_term_string}"},"query-input":{"@type":"PropertyValueSpecification","valueRequired":true,"valueName":"search_term_string"}}],"inLanguage":"de"},{"@type":"Organization","@id":"https:\/\/drczedik.at\/#organization","name":"Tierarztpraxis","url":"https:\/\/drczedik.at\/","logo":{"@type":"ImageObject","inLanguage":"de","@id":"https:\/\/drczedik.at\/#\/schema\/logo\/image\/","url":"https:\/\/drczedik.at\/wp-content\/uploads\/2020\/06\/Logo-CzedikFrei-e1593011602856.png","contentUrl":"https:\/\/drczedik.at\/wp-content\/uploads\/2020\/06\/Logo-CzedikFrei-e1593011602856.png","width":124,"height":100,"caption":"Tierarztpraxis"},"image":{"@id":"https:\/\/drczedik.at\/#\/schema\/logo\/image\/"}}]}},"_links":{"self":[{"href":"https:\/\/drczedik.at\/index.php?rest_route=\/wp\/v2\/pages\/20","targetHints":{"allow":["GET"]}}],"collection":[{"href":"https:\/\/drczedik.at\/index.php?rest_route=\/wp\/v2\/pages"}],"about":[{"href":"https:\/\/drczedik.at\/index.php?rest_route=\/wp\/v2\/types\/page"}],"author":[{"embeddable":true,"href":"https:\/\/drczedik.at\/index.php?rest_route=\/wp\/v2\/users\/1"}],"replies":[{"embeddable":true,"href":"https:\/\/drczedik.at\/index.php?rest_route=%2Fwp%2Fv2%2Fcomments&post=20"}],"version-history":[{"count":9,"href":"https:\/\/drczedik.at\/index.php?rest_route=\/wp\/v2\/pages\/20\/revisions"}],"predecessor-version":[{"id":2272,"href":"https:\/\/drczedik.at\/index.php?rest_route=\/wp\/v2\/pages\/20\/revisions\/2272"}],"wp:attachment":[{"href":"https:\/\/drczedik.at\/index.php?rest_route=%2Fwp%2Fv2%2Fmedia&parent=20"}],"curies":[{"name":"wp","href":"https:\/\/api.w.org\/{rel}","templated":true}]}}